{"id":2841,"date":"2022-01-31T14:54:31","date_gmt":"2022-01-31T11:54:31","guid":{"rendered":"https:\/\/lihkabsivas.com\/?page_id=2841"},"modified":"2026-01-02T00:28:11","modified_gmt":"2026-01-01T21:28:11","slug":"hizmetler","status":"publish","type":"page","link":"https:\/\/lihkabsivas.com\/index.php\/hizmetler\/","title":{"rendered":"Hizmetler"},"content":{"rendered":"<p>[vc_row][vc_column][\/vc_column][\/vc_row][vc_row][vc_column][vc_column_text css=&#8221;.vc_custom_1767302564727{margin-bottom: 10px !important;padding-top: 15px !important;padding-bottom: 15px !important;}&#8221;]<\/p>\n<h1 style=\"text-align: center;\"><strong><span style=\"color: #000000;\">Hizmetlerimiz<\/span><\/strong><\/h1>\n<p>[\/vc_column_text]\r<!-- list -->\r<div class=\"radiantthemes-list rt2084303198 element-one   vc_custom_1767302627983  \" >\n<h2 style=\"text-align: center;\"><strong><span style=\"color: #000000;\"><a style=\"color: #000000;\" href=\"https:\/\/lihkabsivas.com\/wp-content\/uploads\/2025\/12\/2026-YILI-HIZMET-UCRETLERI-ve-KATSAYILAR.pdf\">2026 Y\u0131l\u0131 Hizmet \u00dccretleri ve Katsay\u0131lar<\/a><\/span><\/strong><\/h2>\n<\/div>\r<!-- list -->\r[\/vc_column][\/vc_row][vc_row][vc_column width=&#8221;1\/2&#8243;]\r<!-- list -->\r<div class=\"radiantthemes-list rt125982876 element-one   vc_custom_1767302799332  \" >\n<ul>\n<li>\n<h2>Aplikasyon<\/h2>\n<\/li>\n<li>\n<h2>Yer G\u00f6sterme<\/h2>\n<\/li>\n<li>\n<h2>Cins De\u011fi\u015fikli\u011fi<\/h2>\n<\/li>\n<li>\n<h2>\u0130fraz<\/h2>\n<\/li>\n<\/ul>\n<\/div>\r<!-- list -->\r[\/vc_column][vc_column width=&#8221;1\/2&#8243;]\r<!-- list -->\r<div class=\"radiantthemes-list rt651652402 element-one   vc_custom_1767302863809  \" >\n<ul>\n<li>\n<h2>\u0130rtifa Hakk\u0131<\/h2>\n<\/li>\n<li>\n<h2>Kamula\u015ft\u0131rma<\/h2>\n<\/li>\n<li>\n<h2>Parselasyon<\/h2>\n<\/li>\n<li>\n<h2>S\u0131n\u0131rland\u0131rma<\/h2>\n<\/li>\n<\/ul>\n<\/div>\r<!-- list -->\r[\/vc_column][\/vc_row][vc_row][vc_column][\/vc_column][\/vc_row][vc_row][vc_column width=&#8221;1\/3&#8243;]<div class=\"rt-ihover element-two  wpb_animate_when_almost_visible wpb_pulse pulse  \" ><div class=\"holder\"><div class=\"pic\"><img loading=\"lazy\" decoding=\"async\" width=\"585\" height=\"360\" src=\"https:\/\/lihkabsivas.com\/wp-content\/uploads\/2021\/12\/proje.jpg\" class=\"attachment-full size-full\" alt=\"Lihkab Kadastro\" srcset=\"https:\/\/lihkabsivas.com\/wp-content\/uploads\/2021\/12\/proje.jpg 585w, https:\/\/lihkabsivas.com\/wp-content\/uploads\/2021\/12\/proje-300x185.jpg 300w\" sizes=\"auto, (max-width: 585px) 100vw, 585px\" \/><\/div><div class=\"overlay\"><\/div><div class=\"data\"><div class=\"table\"><div class=\"table-cell\"><h2>Aplikasyon<\/h2><p>Ta\u015f\u0131nmaza ait mu\u0308lkiyet, irtifak hakk\u0131 ve yollar\u0131n s\u0131n\u0131rlar\u0131n\u0131n, tescilli tapu plan\u0131ndaki bilgi ve belgelerine uygun olarak zeminde i\u015faretlenmesi i\u015flemleri<\/p><\/div><\/div><\/div><\/div><\/div>[\/vc_column][vc_column width=&#8221;1\/3&#8243;]<div class=\"rt-ihover element-six  wpb_animate_when_almost_visible wpb_pulse pulse  \" ><div class=\"holder\"><div class=\"pic\"><img loading=\"lazy\" decoding=\"async\" width=\"2560\" height=\"1600\" src=\"https:\/\/lihkabsivas.com\/wp-content\/uploads\/2021\/12\/Harita.jpg\" class=\"attachment-full size-full\" alt=\"Hk Denge Harita Sivas Lihkab\" srcset=\"https:\/\/lihkabsivas.com\/wp-content\/uploads\/2021\/12\/Harita.jpg 2560w, https:\/\/lihkabsivas.com\/wp-content\/uploads\/2021\/12\/Harita-600x375.jpg 600w, https:\/\/lihkabsivas.com\/wp-content\/uploads\/2021\/12\/Harita-300x188.jpg 300w, https:\/\/lihkabsivas.com\/wp-content\/uploads\/2021\/12\/Harita-1024x640.jpg 1024w, https:\/\/lihkabsivas.com\/wp-content\/uploads\/2021\/12\/Harita-768x480.jpg 768w, https:\/\/lihkabsivas.com\/wp-content\/uploads\/2021\/12\/Harita-1536x960.jpg 1536w, https:\/\/lihkabsivas.com\/wp-content\/uploads\/2021\/12\/Harita-2048x1280.jpg 2048w\" sizes=\"auto, (max-width: 2560px) 100vw, 2560px\" \/><\/div><div class=\"data\"><div class=\"table\"><div class=\"table-cell\"><h2>Yer G\u00f6sterme<\/h2><p>Parselin veya kat mu\u0308lkiyeti kurulmu\u015f\/kurulmam\u0131\u015f ba\u011f\u0131ms\u0131z b\u00f6lu\u0308mu\u0308n bulundu\u011fu yerin, mahallinde ilgilisine g\u00f6sterilmesi, ada\/parsel, adres ile kuyu, direk ve benzeri tesislerin hangi parsel i\u00e7erisinde kald\u0131\u011f\u0131n\u0131n tespiti i\u015flemidir.<\/p><\/div><\/div><\/div><\/div><\/div>[\/vc_column][vc_column width=&#8221;1\/3&#8243;]<div class=\"rt-ihover element-two  wpb_animate_when_almost_visible wpb_pulse pulse  \" ><div class=\"holder\"><div class=\"pic\"><img loading=\"lazy\" decoding=\"async\" width=\"2560\" height=\"1600\" src=\"https:\/\/lihkabsivas.com\/wp-content\/uploads\/2021\/12\/Harita.jpg\" class=\"attachment-full size-full\" alt=\"Hk Denge Harita Sivas Lihkab\" srcset=\"https:\/\/lihkabsivas.com\/wp-content\/uploads\/2021\/12\/Harita.jpg 2560w, https:\/\/lihkabsivas.com\/wp-content\/uploads\/2021\/12\/Harita-600x375.jpg 600w, https:\/\/lihkabsivas.com\/wp-content\/uploads\/2021\/12\/Harita-300x188.jpg 300w, https:\/\/lihkabsivas.com\/wp-content\/uploads\/2021\/12\/Harita-1024x640.jpg 1024w, https:\/\/lihkabsivas.com\/wp-content\/uploads\/2021\/12\/Harita-768x480.jpg 768w, https:\/\/lihkabsivas.com\/wp-content\/uploads\/2021\/12\/Harita-1536x960.jpg 1536w, https:\/\/lihkabsivas.com\/wp-content\/uploads\/2021\/12\/Harita-2048x1280.jpg 2048w\" sizes=\"auto, (max-width: 2560px) 100vw, 2560px\" \/><\/div><div class=\"overlay\"><\/div><div class=\"data\"><div class=\"table\"><div class=\"table-cell\"><h2>Cins De\u011fi\u015fikli\u011fi<\/h2><p>Parselin, tapu sicilinde kay\u0131tl\u0131 cinsinin de\u011fi\u015ftirilmesi&lt;br \/&gt;\ni\u015flemidir.<\/p><\/div><\/div><\/div><\/div><\/div>[\/vc_column][\/vc_row][vc_row][vc_column width=&#8221;1\/3&#8243;]<div class=\"rt-ihover element-six  wpb_animate_when_almost_visible wpb_pulse pulse  \" ><div class=\"holder\"><div class=\"pic\"><img loading=\"lazy\" decoding=\"async\" width=\"2560\" height=\"1600\" src=\"https:\/\/lihkabsivas.com\/wp-content\/uploads\/2021\/12\/Harita.jpg\" class=\"attachment-full size-full\" alt=\"Hk Denge Harita Sivas Lihkab\" srcset=\"https:\/\/lihkabsivas.com\/wp-content\/uploads\/2021\/12\/Harita.jpg 2560w, https:\/\/lihkabsivas.com\/wp-content\/uploads\/2021\/12\/Harita-600x375.jpg 600w, https:\/\/lihkabsivas.com\/wp-content\/uploads\/2021\/12\/Harita-300x188.jpg 300w, https:\/\/lihkabsivas.com\/wp-content\/uploads\/2021\/12\/Harita-1024x640.jpg 1024w, https:\/\/lihkabsivas.com\/wp-content\/uploads\/2021\/12\/Harita-768x480.jpg 768w, https:\/\/lihkabsivas.com\/wp-content\/uploads\/2021\/12\/Harita-1536x960.jpg 1536w, https:\/\/lihkabsivas.com\/wp-content\/uploads\/2021\/12\/Harita-2048x1280.jpg 2048w\" sizes=\"auto, (max-width: 2560px) 100vw, 2560px\" \/><\/div><div class=\"data\"><div class=\"table\"><div class=\"table-cell\"><h2>\u0130fraz<\/h2><p>\u0130lgilisinin talebi u\u0308zerine, bir parselin \u0130mar Kanunu&#039;nun 15 ve 16 nc\u0131 maddeleri uyar\u0131nca iki ya da daha fazla par\u00e7alara b\u00f6lu\u0308nmesi i\u015flemidir.<\/p><\/div><\/div><\/div><\/div><\/div>[\/vc_column][vc_column width=&#8221;1\/3&#8243;]<div class=\"rt-ihover element-two  wpb_animate_when_almost_visible wpb_pulse pulse  \" ><div class=\"holder\"><div class=\"pic\"><img loading=\"lazy\" decoding=\"async\" width=\"585\" height=\"360\" src=\"https:\/\/lihkabsivas.com\/wp-content\/uploads\/2021\/12\/jeodezgorsel.jpg\" class=\"attachment-full size-full\" alt=\"\" srcset=\"https:\/\/lihkabsivas.com\/wp-content\/uploads\/2021\/12\/jeodezgorsel.jpg 585w, https:\/\/lihkabsivas.com\/wp-content\/uploads\/2021\/12\/jeodezgorsel-300x185.jpg 300w\" sizes=\"auto, (max-width: 585px) 100vw, 585px\" \/><\/div><div class=\"overlay\"><\/div><div class=\"data\"><div class=\"table\"><div class=\"table-cell\"><h2>\u0130rtifa Hakk\u0131<\/h2><p>Kanunlarla tan\u0131mlanan arzi irtifak haklar\u0131n\u0131n, ilgili ta\u015f\u0131nmazlar\u0131n harita ve belgelerinde g\u00f6sterilmesi ve tescili i\u00e7in yap\u0131lmas\u0131 gereken i\u015flemlerdir.<\/p><\/div><\/div><\/div><\/div><\/div>[\/vc_column][vc_column width=&#8221;1\/3&#8243;]<div class=\"rt-ihover element-six  wpb_animate_when_almost_visible wpb_pulse pulse  \" ><div class=\"holder\"><div class=\"pic\"><img loading=\"lazy\" decoding=\"async\" width=\"2560\" height=\"1600\" src=\"https:\/\/lihkabsivas.com\/wp-content\/uploads\/2021\/12\/Harita.jpg\" class=\"attachment-full size-full\" alt=\"Hk Denge Harita Sivas Lihkab\" srcset=\"https:\/\/lihkabsivas.com\/wp-content\/uploads\/2021\/12\/Harita.jpg 2560w, https:\/\/lihkabsivas.com\/wp-content\/uploads\/2021\/12\/Harita-600x375.jpg 600w, https:\/\/lihkabsivas.com\/wp-content\/uploads\/2021\/12\/Harita-300x188.jpg 300w, https:\/\/lihkabsivas.com\/wp-content\/uploads\/2021\/12\/Harita-1024x640.jpg 1024w, https:\/\/lihkabsivas.com\/wp-content\/uploads\/2021\/12\/Harita-768x480.jpg 768w, https:\/\/lihkabsivas.com\/wp-content\/uploads\/2021\/12\/Harita-1536x960.jpg 1536w, https:\/\/lihkabsivas.com\/wp-content\/uploads\/2021\/12\/Harita-2048x1280.jpg 2048w\" sizes=\"auto, (max-width: 2560px) 100vw, 2560px\" \/><\/div><div class=\"data\"><div class=\"table\"><div class=\"table-cell\"><h2>Kamula\u015ft\u0131rma<\/h2><p>Kamula\u015ft\u0131rma i\u015flemi i\u00e7in yap\u0131lan ve ilgili kurum ve kurulu\u015flar taraf\u0131ndan mevzuat\u0131nca onaylanm\u0131\u015f haritalard\u0131r.<\/p><\/div><\/div><\/div><\/div><\/div>[\/vc_column][\/vc_row][vc_row][vc_column width=&#8221;1\/3&#8243;]<div class=\"rt-ihover element-two  wpb_animate_when_almost_visible wpb_pulse pulse  \" ><div class=\"holder\"><div class=\"pic\"><img loading=\"lazy\" decoding=\"async\" width=\"2560\" height=\"1600\" src=\"https:\/\/lihkabsivas.com\/wp-content\/uploads\/2021\/12\/Harita.jpg\" class=\"attachment-full size-full\" alt=\"Hk Denge Harita Sivas Lihkab\" srcset=\"https:\/\/lihkabsivas.com\/wp-content\/uploads\/2021\/12\/Harita.jpg 2560w, https:\/\/lihkabsivas.com\/wp-content\/uploads\/2021\/12\/Harita-600x375.jpg 600w, https:\/\/lihkabsivas.com\/wp-content\/uploads\/2021\/12\/Harita-300x188.jpg 300w, https:\/\/lihkabsivas.com\/wp-content\/uploads\/2021\/12\/Harita-1024x640.jpg 1024w, https:\/\/lihkabsivas.com\/wp-content\/uploads\/2021\/12\/Harita-768x480.jpg 768w, https:\/\/lihkabsivas.com\/wp-content\/uploads\/2021\/12\/Harita-1536x960.jpg 1536w, https:\/\/lihkabsivas.com\/wp-content\/uploads\/2021\/12\/Harita-2048x1280.jpg 2048w\" sizes=\"auto, (max-width: 2560px) 100vw, 2560px\" \/><\/div><div class=\"overlay\"><\/div><div class=\"data\"><div class=\"table\"><div class=\"table-cell\"><h2>Parselasyon<\/h2><p>\u0130mar parsellerini olu\u015fturmak amac\u0131yla Belediye veya Valilikler, Bakanl\u0131k veya kamu kurum ve kurulu\u015flar\u0131 taraf\u0131ndan resen yap\u0131lan ya da yapt\u0131r\u0131lan haritalard\u0131r.<\/p><\/div><\/div><\/div><\/div><\/div>[\/vc_column][vc_column width=&#8221;1\/3&#8243;]<div class=\"rt-ihover element-six  wpb_animate_when_almost_visible wpb_pulse pulse  \" ><div class=\"holder\"><div class=\"pic\"><img loading=\"lazy\" decoding=\"async\" width=\"2560\" height=\"1600\" src=\"https:\/\/lihkabsivas.com\/wp-content\/uploads\/2021\/12\/Harita.jpg\" class=\"attachment-full size-full\" alt=\"Hk Denge Harita Sivas Lihkab\" srcset=\"https:\/\/lihkabsivas.com\/wp-content\/uploads\/2021\/12\/Harita.jpg 2560w, https:\/\/lihkabsivas.com\/wp-content\/uploads\/2021\/12\/Harita-600x375.jpg 600w, https:\/\/lihkabsivas.com\/wp-content\/uploads\/2021\/12\/Harita-300x188.jpg 300w, https:\/\/lihkabsivas.com\/wp-content\/uploads\/2021\/12\/Harita-1024x640.jpg 1024w, https:\/\/lihkabsivas.com\/wp-content\/uploads\/2021\/12\/Harita-768x480.jpg 768w, https:\/\/lihkabsivas.com\/wp-content\/uploads\/2021\/12\/Harita-1536x960.jpg 1536w, https:\/\/lihkabsivas.com\/wp-content\/uploads\/2021\/12\/Harita-2048x1280.jpg 2048w\" sizes=\"auto, (max-width: 2560px) 100vw, 2560px\" \/><\/div><div class=\"data\"><div class=\"table\"><div class=\"table-cell\"><h2>S\u0131n\u0131rland\u0131rma<\/h2><p>Tapuda kay\u0131tl\u0131 olup da henu\u0308z kadastrosu yap\u0131lmam\u0131\u015f alanlardaki ta\u015f\u0131nmaz mallar\u0131n s\u0131n\u0131rlar\u0131n\u0131 belirlemek amac\u0131yla yap\u0131lan haritalard\u0131r.<\/p><\/div><\/div><\/div><\/div><\/div>[\/vc_column][vc_column width=&#8221;1\/3&#8243;]<div class=\"rt-ihover element-two  wpb_animate_when_almost_visible wpb_pulse pulse  \" ><div class=\"holder\"><div class=\"pic\"><img loading=\"lazy\" decoding=\"async\" width=\"585\" height=\"360\" src=\"https:\/\/lihkabsivas.com\/wp-content\/uploads\/2021\/12\/Jeogorsel.jpg\" class=\"attachment-full size-full\" alt=\"Hk Denge Harita\" srcset=\"https:\/\/lihkabsivas.com\/wp-content\/uploads\/2021\/12\/Jeogorsel.jpg 585w, https:\/\/lihkabsivas.com\/wp-content\/uploads\/2021\/12\/Jeogorsel-300x185.jpg 300w\" sizes=\"auto, (max-width: 585px) 100vw, 585px\" \/><\/div><div class=\"overlay\"><\/div><div class=\"data\"><div class=\"table\"><div class=\"table-cell\"><h2>Birle\u015ftirme (Tevhit)<\/h2><p>Birbirine biti\u015fik birden \u00e7ok parsellerin bir parsel haline d\u00f6nu\u0308\u015ftu\u0308ru\u0308lmesidir.<\/p><\/div><\/div><\/div><\/div><\/div>[\/vc_column][\/vc_row]<\/p>\n","protected":false},"excerpt":{"rendered":"<p>[vc_row][vc_column][\/vc_column][\/vc_row][vc_row][vc_column][vc_column_text css=&#8221;.vc_custom_1767302564727{margin-bottom: 10px !important;padding-top: 15px !important;padding-bottom: 15px !important;}&#8221;] Hizmetlerimiz [\/vc_column_text][\/vc_column][\/vc_row][vc_row][vc_column width=&#8221;1\/2&#8243;][\/vc_column][vc_column width=&#8221;1\/2&#8243;][\/vc_column][\/vc_row][vc_row][vc_column][\/vc_column][\/vc_row][vc_row][vc_column width=&#8221;1\/3&#8243;][\/vc_column][vc_column width=&#8221;1\/3&#8243;][\/vc_column][vc_column width=&#8221;1\/3&#8243;][\/vc_column][\/vc_row][vc_row][vc_column width=&#8221;1\/3&#8243;][\/vc_column][vc_column width=&#8221;1\/3&#8243;][\/vc_column][vc_column width=&#8221;1\/3&#8243;][\/vc_column][\/vc_row][vc_row][vc_column width=&#8221;1\/3&#8243;][\/vc_column][vc_column width=&#8221;1\/3&#8243;][\/vc_column][vc_column width=&#8221;1\/3&#8243;][\/vc_column][\/vc_row]<\/p>\n","protected":false},"author":1,"featured_media":0,"parent":0,"menu_order":0,"comment_status":"closed","ping_status":"closed","template":"","meta":{"footnotes":""},"class_list":["post-2841","page","type-page","status-publish","hentry"],"yoast_head":"<!-- This site is optimized with the Yoast SEO plugin v26.6 - https:\/\/yoast.com\/wordpress\/plugins\/seo\/ -->\n<title>Hizmetler - Sivas Lihkab - Lisansl\u0131 Harita Kadastro M\u00fchendisleri ve B\u00fcrosu<\/title>\n<meta name=\"description\" content=\"Sivas Lihkab. Lisansl\u0131 Harita Kadastro M\u00fchendisleri ve B\u00fcrosu. Yola Terk, \u0130fraz, Birle\u015ftirme, Tevhit, Aplikasyon Krokisi, Cins De\u011fi\u015fikli\u011fi, Yer G\u00f6sterme.\" \/>\n<meta name=\"robots\" content=\"index, follow, max-snippet:-1, max-image-preview:large, max-video-preview:-1\" \/>\n<link rel=\"canonical\" href=\"https:\/\/lihkabsivas.com\/index.php\/hizmetler\/\" \/>\n<meta property=\"og:locale\" content=\"tr_TR\" \/>\n<meta property=\"og:type\" content=\"article\" \/>\n<meta property=\"og:title\" content=\"Hizmetler - Sivas Lihkab - Lisansl\u0131 Harita Kadastro M\u00fchendisleri ve B\u00fcrosu\" \/>\n<meta property=\"og:description\" content=\"Sivas Lihkab. Lisansl\u0131 Harita Kadastro M\u00fchendisleri ve B\u00fcrosu. Yola Terk, \u0130fraz, Birle\u015ftirme, Tevhit, Aplikasyon Krokisi, Cins De\u011fi\u015fikli\u011fi, Yer G\u00f6sterme.\" \/>\n<meta property=\"og:url\" content=\"https:\/\/lihkabsivas.com\/index.php\/hizmetler\/\" \/>\n<meta property=\"og:site_name\" content=\"Sivas Lihkab\" \/>\n<meta property=\"article:modified_time\" content=\"2026-01-01T21:28:11+00:00\" \/>\n<meta name=\"twitter:card\" content=\"summary_large_image\" \/>\n<meta name=\"twitter:label1\" content=\"Tahmini okuma s\u00fcresi\" \/>\n\t<meta name=\"twitter:data1\" content=\"4 dakika\" \/>\n<script type=\"application\/ld+json\" class=\"yoast-schema-graph\">{\"@context\":\"https:\/\/schema.org\",\"@graph\":[{\"@type\":\"WebPage\",\"@id\":\"https:\/\/lihkabsivas.com\/index.php\/hizmetler\/\",\"url\":\"https:\/\/lihkabsivas.com\/index.php\/hizmetler\/\",\"name\":\"Hizmetler - Sivas Lihkab - Lisansl\u0131 Harita Kadastro M\u00fchendisleri ve B\u00fcrosu\",\"isPartOf\":{\"@id\":\"https:\/\/lihkabsivas.com\/#website\"},\"datePublished\":\"2022-01-31T11:54:31+00:00\",\"dateModified\":\"2026-01-01T21:28:11+00:00\",\"description\":\"Sivas Lihkab. Lisansl\u0131 Harita Kadastro M\u00fchendisleri ve B\u00fcrosu. Yola Terk, \u0130fraz, Birle\u015ftirme, Tevhit, Aplikasyon Krokisi, Cins De\u011fi\u015fikli\u011fi, Yer G\u00f6sterme.\",\"breadcrumb\":{\"@id\":\"https:\/\/lihkabsivas.com\/index.php\/hizmetler\/#breadcrumb\"},\"inLanguage\":\"tr\",\"potentialAction\":[{\"@type\":\"ReadAction\",\"target\":[\"https:\/\/lihkabsivas.com\/index.php\/hizmetler\/\"]}]},{\"@type\":\"BreadcrumbList\",\"@id\":\"https:\/\/lihkabsivas.com\/index.php\/hizmetler\/#breadcrumb\",\"itemListElement\":[{\"@type\":\"ListItem\",\"position\":1,\"name\":\"Anasayfa\",\"item\":\"https:\/\/lihkabsivas.com\/\"},{\"@type\":\"ListItem\",\"position\":2,\"name\":\"Hizmetler\"}]},{\"@type\":\"WebSite\",\"@id\":\"https:\/\/lihkabsivas.com\/#website\",\"url\":\"https:\/\/lihkabsivas.com\/\",\"name\":\"Sivas Lihkab\",\"description\":\"Sivas Merkez L\u0130HKAB B\u00fcrosu\",\"publisher\":{\"@id\":\"https:\/\/lihkabsivas.com\/#organization\"},\"potentialAction\":[{\"@type\":\"SearchAction\",\"target\":{\"@type\":\"EntryPoint\",\"urlTemplate\":\"https:\/\/lihkabsivas.com\/?s={search_term_string}\"},\"query-input\":{\"@type\":\"PropertyValueSpecification\",\"valueRequired\":true,\"valueName\":\"search_term_string\"}}],\"inLanguage\":\"tr\"},{\"@type\":\"Organization\",\"@id\":\"https:\/\/lihkabsivas.com\/#organization\",\"name\":\"Sivas Lihkab\",\"url\":\"https:\/\/lihkabsivas.com\/\",\"logo\":{\"@type\":\"ImageObject\",\"inLanguage\":\"tr\",\"@id\":\"https:\/\/lihkabsivas.com\/#\/schema\/logo\/image\/\",\"url\":\"https:\/\/lihkabsivas.com\/wp-content\/uploads\/2021\/11\/LogoNoBack.png\",\"contentUrl\":\"https:\/\/lihkabsivas.com\/wp-content\/uploads\/2021\/11\/LogoNoBack.png\",\"width\":2002,\"height\":745,\"caption\":\"Sivas Lihkab\"},\"image\":{\"@id\":\"https:\/\/lihkabsivas.com\/#\/schema\/logo\/image\/\"}}]}<\/script>\n<!-- \/ Yoast SEO plugin. -->","yoast_head_json":{"title":"Hizmetler - Sivas Lihkab - Lisansl\u0131 Harita Kadastro M\u00fchendisleri ve B\u00fcrosu","description":"Sivas Lihkab. Lisansl\u0131 Harita Kadastro M\u00fchendisleri ve B\u00fcrosu. Yola Terk, \u0130fraz, Birle\u015ftirme, Tevhit, Aplikasyon Krokisi, Cins De\u011fi\u015fikli\u011fi, Yer G\u00f6sterme.","robots":{"index":"index","follow":"follow","max-snippet":"max-snippet:-1","max-image-preview":"max-image-preview:large","max-video-preview":"max-video-preview:-1"},"canonical":"https:\/\/lihkabsivas.com\/index.php\/hizmetler\/","og_locale":"tr_TR","og_type":"article","og_title":"Hizmetler - Sivas Lihkab - Lisansl\u0131 Harita Kadastro M\u00fchendisleri ve B\u00fcrosu","og_description":"Sivas Lihkab. Lisansl\u0131 Harita Kadastro M\u00fchendisleri ve B\u00fcrosu. Yola Terk, \u0130fraz, Birle\u015ftirme, Tevhit, Aplikasyon Krokisi, Cins De\u011fi\u015fikli\u011fi, Yer G\u00f6sterme.","og_url":"https:\/\/lihkabsivas.com\/index.php\/hizmetler\/","og_site_name":"Sivas Lihkab","article_modified_time":"2026-01-01T21:28:11+00:00","twitter_card":"summary_large_image","twitter_misc":{"Tahmini okuma s\u00fcresi":"4 dakika"},"schema":{"@context":"https:\/\/schema.org","@graph":[{"@type":"WebPage","@id":"https:\/\/lihkabsivas.com\/index.php\/hizmetler\/","url":"https:\/\/lihkabsivas.com\/index.php\/hizmetler\/","name":"Hizmetler - Sivas Lihkab - Lisansl\u0131 Harita Kadastro M\u00fchendisleri ve B\u00fcrosu","isPartOf":{"@id":"https:\/\/lihkabsivas.com\/#website"},"datePublished":"2022-01-31T11:54:31+00:00","dateModified":"2026-01-01T21:28:11+00:00","description":"Sivas Lihkab. Lisansl\u0131 Harita Kadastro M\u00fchendisleri ve B\u00fcrosu. Yola Terk, \u0130fraz, Birle\u015ftirme, Tevhit, Aplikasyon Krokisi, Cins De\u011fi\u015fikli\u011fi, Yer G\u00f6sterme.","breadcrumb":{"@id":"https:\/\/lihkabsivas.com\/index.php\/hizmetler\/#breadcrumb"},"inLanguage":"tr","potentialAction":[{"@type":"ReadAction","target":["https:\/\/lihkabsivas.com\/index.php\/hizmetler\/"]}]},{"@type":"BreadcrumbList","@id":"https:\/\/lihkabsivas.com\/index.php\/hizmetler\/#breadcrumb","itemListElement":[{"@type":"ListItem","position":1,"name":"Anasayfa","item":"https:\/\/lihkabsivas.com\/"},{"@type":"ListItem","position":2,"name":"Hizmetler"}]},{"@type":"WebSite","@id":"https:\/\/lihkabsivas.com\/#website","url":"https:\/\/lihkabsivas.com\/","name":"Sivas Lihkab","description":"Sivas Merkez L\u0130HKAB B\u00fcrosu","publisher":{"@id":"https:\/\/lihkabsivas.com\/#organization"},"potentialAction":[{"@type":"SearchAction","target":{"@type":"EntryPoint","urlTemplate":"https:\/\/lihkabsivas.com\/?s={search_term_string}"},"query-input":{"@type":"PropertyValueSpecification","valueRequired":true,"valueName":"search_term_string"}}],"inLanguage":"tr"},{"@type":"Organization","@id":"https:\/\/lihkabsivas.com\/#organization","name":"Sivas Lihkab","url":"https:\/\/lihkabsivas.com\/","logo":{"@type":"ImageObject","inLanguage":"tr","@id":"https:\/\/lihkabsivas.com\/#\/schema\/logo\/image\/","url":"https:\/\/lihkabsivas.com\/wp-content\/uploads\/2021\/11\/LogoNoBack.png","contentUrl":"https:\/\/lihkabsivas.com\/wp-content\/uploads\/2021\/11\/LogoNoBack.png","width":2002,"height":745,"caption":"Sivas Lihkab"},"image":{"@id":"https:\/\/lihkabsivas.com\/#\/schema\/logo\/image\/"}}]}},"_links":{"self":[{"href":"https:\/\/lihkabsivas.com\/index.php\/wp-json\/wp\/v2\/pages\/2841","targetHints":{"allow":["GET"]}}],"collection":[{"href":"https:\/\/lihkabsivas.com\/index.php\/wp-json\/wp\/v2\/pages"}],"about":[{"href":"https:\/\/lihkabsivas.com\/index.php\/wp-json\/wp\/v2\/types\/page"}],"author":[{"embeddable":true,"href":"https:\/\/lihkabsivas.com\/index.php\/wp-json\/wp\/v2\/users\/1"}],"replies":[{"embeddable":true,"href":"https:\/\/lihkabsivas.com\/index.php\/wp-json\/wp\/v2\/comments?post=2841"}],"version-history":[{"count":25,"href":"https:\/\/lihkabsivas.com\/index.php\/wp-json\/wp\/v2\/pages\/2841\/revisions"}],"predecessor-version":[{"id":3099,"href":"https:\/\/lihkabsivas.com\/index.php\/wp-json\/wp\/v2\/pages\/2841\/revisions\/3099"}],"wp:attachment":[{"href":"https:\/\/lihkabsivas.com\/index.php\/wp-json\/wp\/v2\/media?parent=2841"}],"curies":[{"name":"wp","href":"https:\/\/api.w.org\/{rel}","templated":true}]}}